{"id":178,"date":"2024-07-12T02:27:22","date_gmt":"2024-07-12T02:27:22","guid":{"rendered":"https:\/\/music.lukespeers.com\/?page_id=178"},"modified":"2024-08-29T16:54:13","modified_gmt":"2024-08-29T16:54:13","slug":"how-far-is-heavenlos-lonely-boys","status":"publish","type":"page","link":"https:\/\/music.lukespeers.com\/?page_id=178","title":{"rendered":"Heaven (How Far Is) &#8211; Los Lonely Boys"},"content":{"rendered":"\n<p>F# to G#m<\/p>\n\n\n\n<pre class=\"wp-block-code\"><code>Capo 2\n \n \n&#91;Verse 1]\n \n     <strong>E<\/strong>                      <strong>F#m<\/strong>                <strong>E<\/strong>      <strong>F#m<\/strong>\nSa-a-ave me from this prison lord help me get away\n          <strong>E<\/strong>                     <strong>F#m<\/strong>               <strong>E<\/strong>    <strong>F#m<\/strong>\nCause o-o-o-nly you can save me now from this misery\n    <strong>E<\/strong>                        <strong>F#m<\/strong>                        <strong>E<\/strong>            <strong>F#m<\/strong>\nI-I-I\u2019ve been lost in my own place and I\u2019m gettin\u2019 weary, how far is heaven\n  <strong>E<\/strong>              <strong>F#m<\/strong>                      <strong>E<\/strong>            <strong>F#m<\/strong>                          <strong>E<\/strong>\nI know I need to change my ways of livin\u2019, how far is heaven, Lord can you tell me\n \n \n&#91;Solo Break]\n \n \n&#91;Verse 2]\n \n  <strong>E<\/strong>                        <strong>F#m<\/strong>                      <strong>E<\/strong>           <strong>F#m<\/strong>\nI\u2019ve been locked up way to long in this crazy world, how far is heaven\n<strong>E<\/strong>                   <strong>F#m<\/strong>                        <strong>E<\/strong>             <strong>F#m<\/strong>\nI just keep prayin\u2019 lord and just keep on livin\u2019, how far is heaven\n                            <strong>E<\/strong>          <strong>F#m<\/strong>\nYeah, lord can you tell me, how far is heaven\n                       <strong>E<\/strong>                     <strong>F#m<\/strong>                            <strong>E<\/strong>    <strong>F#m<\/strong>\nI just got to know how far it is, how far is heaven, Yeh, lord can you tell me\n \n \n&#91;Solo Break]\n \n \n&#91;Bridge]\n \n<strong>F#m<\/strong>                <strong>Gm<\/strong> <strong>G#m<\/strong>   <strong>D<\/strong>        <strong>A<\/strong>      <strong>B<\/strong>\nT\u00fa que est\u00e1s en alto cielo, \u00c9chame tu bendici\u00f3n\n(You who are in the highest heaven\u2026.give me your blessing)\n \n \n&#91;Verse 3]\n \n<strong>E<\/strong>                       <strong>F#m<\/strong>                             <strong>E<\/strong>            <strong>F#m<\/strong>\nI know there\u2019s a better place than this place I\u2019m livin\u2019, how far is heaven\n   <strong>E<\/strong>                       <strong>F#m<\/strong>                          <strong>E<\/strong>            <strong>F#m<\/strong>\nSo I just got to have some faith and just keep on givin\u2019, how far is heaven\n                          <strong>E<\/strong>           <strong>F#m<\/strong>                            <strong>E<\/strong>         <strong>F#m<\/strong>\nYeah lord can you tell me, how far is heaven, I just got to know how far, yeah\n<strong>E<\/strong>          <strong>F#m<\/strong>                               <strong>E<\/strong>           <strong>F#m<\/strong>\nHow far is heaven Yeah, lord can you tell me, how far is heaven\n                             <strong>E<\/strong>  <strong>F#m<\/strong>                      <strong>E<\/strong>      <strong>F#m<\/strong>\nCause I just got to know how far, I just want a know how far\n \n \n&#91;Solo Outro]<\/code><\/pre>\n","protected":false},"excerpt":{"rendered":"<p>F# to G#m<\/p>\n","protected":false},"author":1,"featured_media":0,"parent":108,"menu_order":0,"comment_status":"closed","ping_status":"closed","template":"","meta":{"footnotes":""},"class_list":["post-178","page","type-page","status-publish","hentry"],"_links":{"self":[{"href":"https:\/\/music.lukespeers.com\/index.php?rest_route=\/wp\/v2\/pages\/178","targetHints":{"allow":["GET"]}}],"collection":[{"href":"https:\/\/music.lukespeers.com\/index.php?rest_route=\/wp\/v2\/pages"}],"about":[{"href":"https:\/\/music.lukespeers.com\/index.php?rest_route=\/wp\/v2\/types\/page"}],"author":[{"embeddable":true,"href":"https:\/\/music.lukespeers.com\/index.php?rest_route=\/wp\/v2\/users\/1"}],"replies":[{"embeddable":true,"href":"https:\/\/music.lukespeers.com\/index.php?rest_route=%2Fwp%2Fv2%2Fcomments&post=178"}],"version-history":[{"count":5,"href":"https:\/\/music.lukespeers.com\/index.php?rest_route=\/wp\/v2\/pages\/178\/revisions"}],"predecessor-version":[{"id":350,"href":"https:\/\/music.lukespeers.com\/index.php?rest_route=\/wp\/v2\/pages\/178\/revisions\/350"}],"up":[{"embeddable":true,"href":"https:\/\/music.lukespeers.com\/index.php?rest_route=\/wp\/v2\/pages\/108"}],"wp:attachment":[{"href":"https:\/\/music.lukespeers.com\/index.php?rest_route=%2Fwp%2Fv2%2Fmedia&parent=178"}],"curies":[{"name":"wp","href":"https:\/\/api.w.org\/{rel}","templated":true}]}}